{"id":1647,"date":"2023-05-08T15:31:04","date_gmt":"2023-05-08T14:31:04","guid":{"rendered":"https:\/\/www.gorr.si\/blogs\/"},"modified":"2024-03-01T15:56:46","modified_gmt":"2024-03-01T14:56:46","slug":"blogs","status":"publish","type":"page","link":"https:\/\/gorr.si\/de\/blogs\/","title":{"rendered":"Blogs"},"content":{"rendered":"<section class=\"bde-section-1647-100 bde-section\">\n  \n\t\n\n\n\n<div class=\"section-container\"><div class=\"bde-columns-1647-101 bde-columns\"><div class=\"bde-column-1647-103 bde-column\">\n  \n\t\n\n\n\n<div class=\"bde-text-1647-105 bde-text\">\nBLOGBEITR\u00c4GE UND ERFOLGSGESCHICHTEN\n<\/div><h1 class=\"bde-heading-1647-106 bde-heading\">\nErfahren Sie, wie Sie neue M\u00e4rkte erfolgreich erschlie\u00dfen k\u00f6nnen und informieren Sie sich \u00fcber unsere herausragende Arbeit.\n<\/h1><div class=\"bde-text-1647-107 bde-text\">\nWillkommen in unserem Blogbereich, wo Sie wertvolle Einblicke in die faszinierende Welt der Markterschlie\u00dfung gewinnen und sich in die Feinheiten von Sprache und \u00dcbersetzung vertiefen k\u00f6nnen. Entdecken Sie wichtige Einblicke, praktische Tipps und Fallstudien, die sprachliche und kulturelle Aspekte beleuchten, die f\u00fcr eine erfolgreiche Markterschlie\u00dfung absolut unerl\u00e4sslich sind.\n<\/div>\n<\/div><\/div><\/div>\n<\/section><section class=\"bde-section-1647-109 bde-section\">\n  \n\t\n\n\n\n<div class=\"section-container\"><div class=\"bde-post-loop-1647-110 bde-post-loop\">\n<div class=\"ee-posts ee-posts-grid\">    <article class=\"ee-post\">\n            <\/article>\n    <article class=\"ee-post\">\n            <\/article>\n    <article class=\"ee-post\">\n            <\/article>\n    <article class=\"ee-post\">\n            <\/article>\n    <article class=\"ee-post\">\n            <\/article>\n    <article class=\"ee-post\">\n            <\/article>\n    <article class=\"ee-post\">\n            <\/article>\n    <article class=\"ee-post\">\n            <\/article>\n    <article class=\"ee-post\">\n            <\/article>\n<\/div><div class=\"bde-posts-pagination bde-posts-navigation-numbers\"><ul><li class=\"bde-posts-navigation-numbers--active\"><a class=\"is-active\" href='https:\/\/gorr.si\/de\/wp-json\/wp\/v2\/pages\/1647\/'>1<\/a><\/li><li ><a  href='https:\/\/gorr.si\/de\/wp-json\/wp\/v2\/pages\/1647\/page\/2\/'>2<\/a><\/li><\/ul><\/div>\n\n<\/div><\/div>\n<\/section>","protected":false},"excerpt":{"rendered":"<p>BLOGBEITR\u00c4GE UND ERFOLGSGESCHICHTEN Erfahren Sie, wie Sie neue M\u00e4rkte erfolgreich erschlie\u00dfen k\u00f6nnen und informieren Sie sich \u00fcber unsere herausragende Arbeit. Willkommen in unserem Blogbereich, wo Sie wertvolle Einblicke in die faszinierende Welt der Markterschlie\u00dfung gewinnen und sich in die Feinheiten von Sprache und \u00dcbersetzung vertiefen k\u00f6nnen. Entdecken Sie wichtige Einblicke, praktische Tipps und Fallstudien, die [&hellip;]<\/p>\n","protected":false},"author":1,"featured_media":0,"parent":0,"menu_order":0,"comment_status":"closed","ping_status":"closed","template":"","meta":{"_monsterinsights_skip_tracking":false,"_monsterinsights_sitenote_active":false,"_monsterinsights_sitenote_note":"","_monsterinsights_sitenote_category":0,"_uf_show_specific_survey":0,"_uf_disable_surveys":false,"_breakdance_hide_in_design_set":false,"_breakdance_tags":"","footnotes":""},"class_list":["post-1647","page","type-page","status-publish","hentry"],"aioseo_notices":[],"yoast_head":"<!-- This site is optimized with the Yoast SEO plugin v22.6 - https:\/\/yoast.com\/wordpress\/plugins\/seo\/ -->\n<title>Blog - Neues aus der Welt der \u00dcbersetzungen - GORR<\/title>\n<meta name=\"description\" content=\"Lesen Sie Neuigkeiten aus der Welt der \u00dcbersetzungen, Start-Ups und Scale-Ups in unserem Blog. Was gibt es Neues? N\u00fctzliche Tipps und mehr.\" \/>\n<meta name=\"robots\" content=\"noindex, follow, max-snippet:-1, max-image-preview:large, max-video-preview:-1\" \/>\n<meta property=\"og:locale\" content=\"de_DE\" \/>\n<meta property=\"og:type\" content=\"article\" \/>\n<meta property=\"og:title\" content=\"Blog - Neues aus der Welt der \u00dcbersetzungen - GORR\" \/>\n<meta property=\"og:description\" content=\"Lesen Sie Neuigkeiten aus der Welt der \u00dcbersetzungen, Start-Ups und Scale-Ups in unserem Blog. Was gibt es Neues? N\u00fctzliche Tipps und mehr.\" \/>\n<meta property=\"og:url\" content=\"https:\/\/gorr.si\/de\/blogs\/\" \/>\n<meta property=\"og:site_name\" content=\"GORR\" \/>\n<meta property=\"article:modified_time\" content=\"2024-03-01T14:56:46+00:00\" \/>\n<meta name=\"twitter:card\" content=\"summary_large_image\" \/>\n<script type=\"application\/ld+json\" class=\"yoast-schema-graph\">{\"@context\":\"https:\/\/schema.org\",\"@graph\":[{\"@type\":\"WebPage\",\"@id\":\"https:\/\/gorr.si\/de\/blogs\/\",\"url\":\"https:\/\/gorr.si\/de\/blogs\/\",\"name\":\"Blog - Neues aus der Welt der \u00dcbersetzungen - GORR\",\"isPartOf\":{\"@id\":\"https:\/\/gorr.si\/#website\"},\"datePublished\":\"2023-05-08T14:31:04+00:00\",\"dateModified\":\"2024-03-01T14:56:46+00:00\",\"description\":\"Lesen Sie Neuigkeiten aus der Welt der \u00dcbersetzungen, Start-Ups und Scale-Ups in unserem Blog. Was gibt es Neues? N\u00fctzliche Tipps und mehr.\",\"breadcrumb\":{\"@id\":\"https:\/\/gorr.si\/de\/blogs\/#breadcrumb\"},\"inLanguage\":\"de\",\"potentialAction\":[{\"@type\":\"ReadAction\",\"target\":[\"https:\/\/gorr.si\/de\/blogs\/\"]}]},{\"@type\":\"BreadcrumbList\",\"@id\":\"https:\/\/gorr.si\/de\/blogs\/#breadcrumb\",\"itemListElement\":[{\"@type\":\"ListItem\",\"position\":1,\"name\":\"Home\",\"item\":\"https:\/\/gorr.si\/\"},{\"@type\":\"ListItem\",\"position\":2,\"name\":\"Blogs\"}]},{\"@type\":\"WebSite\",\"@id\":\"https:\/\/gorr.si\/#website\",\"url\":\"https:\/\/gorr.si\/\",\"name\":\"GORR\",\"description\":\"translation center\",\"potentialAction\":[{\"@type\":\"SearchAction\",\"target\":{\"@type\":\"EntryPoint\",\"urlTemplate\":\"https:\/\/gorr.si\/?s={search_term_string}\"},\"query-input\":\"required name=search_term_string\"}],\"inLanguage\":\"de\"}]}<\/script>\n<!-- \/ Yoast SEO plugin. -->","yoast_head_json":{"title":"Blog - Neues aus der Welt der \u00dcbersetzungen - GORR","description":"Lesen Sie Neuigkeiten aus der Welt der \u00dcbersetzungen, Start-Ups und Scale-Ups in unserem Blog. Was gibt es Neues? N\u00fctzliche Tipps und mehr.","robots":{"index":"noindex","follow":"follow","max-snippet":"max-snippet:-1","max-image-preview":"max-image-preview:large","max-video-preview":"max-video-preview:-1"},"og_locale":"de_DE","og_type":"article","og_title":"Blog - Neues aus der Welt der \u00dcbersetzungen - GORR","og_description":"Lesen Sie Neuigkeiten aus der Welt der \u00dcbersetzungen, Start-Ups und Scale-Ups in unserem Blog. Was gibt es Neues? N\u00fctzliche Tipps und mehr.","og_url":"https:\/\/gorr.si\/de\/blogs\/","og_site_name":"GORR","article_modified_time":"2024-03-01T14:56:46+00:00","twitter_card":"summary_large_image","schema":{"@context":"https:\/\/schema.org","@graph":[{"@type":"WebPage","@id":"https:\/\/gorr.si\/de\/blogs\/","url":"https:\/\/gorr.si\/de\/blogs\/","name":"Blog - Neues aus der Welt der \u00dcbersetzungen - GORR","isPartOf":{"@id":"https:\/\/gorr.si\/#website"},"datePublished":"2023-05-08T14:31:04+00:00","dateModified":"2024-03-01T14:56:46+00:00","description":"Lesen Sie Neuigkeiten aus der Welt der \u00dcbersetzungen, Start-Ups und Scale-Ups in unserem Blog. Was gibt es Neues? N\u00fctzliche Tipps und mehr.","breadcrumb":{"@id":"https:\/\/gorr.si\/de\/blogs\/#breadcrumb"},"inLanguage":"de","potentialAction":[{"@type":"ReadAction","target":["https:\/\/gorr.si\/de\/blogs\/"]}]},{"@type":"BreadcrumbList","@id":"https:\/\/gorr.si\/de\/blogs\/#breadcrumb","itemListElement":[{"@type":"ListItem","position":1,"name":"Home","item":"https:\/\/gorr.si\/"},{"@type":"ListItem","position":2,"name":"Blogs"}]},{"@type":"WebSite","@id":"https:\/\/gorr.si\/#website","url":"https:\/\/gorr.si\/","name":"GORR","description":"translation center","potentialAction":[{"@type":"SearchAction","target":{"@type":"EntryPoint","urlTemplate":"https:\/\/gorr.si\/?s={search_term_string}"},"query-input":"required name=search_term_string"}],"inLanguage":"de"}]}},"_links":{"self":[{"href":"https:\/\/gorr.si\/de\/wp-json\/wp\/v2\/pages\/1647","targetHints":{"allow":["GET"]}}],"collection":[{"href":"https:\/\/gorr.si\/de\/wp-json\/wp\/v2\/pages"}],"about":[{"href":"https:\/\/gorr.si\/de\/wp-json\/wp\/v2\/types\/page"}],"author":[{"embeddable":true,"href":"https:\/\/gorr.si\/de\/wp-json\/wp\/v2\/users\/1"}],"replies":[{"embeddable":true,"href":"https:\/\/gorr.si\/de\/wp-json\/wp\/v2\/comments?post=1647"}],"version-history":[{"count":4,"href":"https:\/\/gorr.si\/de\/wp-json\/wp\/v2\/pages\/1647\/revisions"}],"predecessor-version":[{"id":7592,"href":"https:\/\/gorr.si\/de\/wp-json\/wp\/v2\/pages\/1647\/revisions\/7592"}],"wp:attachment":[{"href":"https:\/\/gorr.si\/de\/wp-json\/wp\/v2\/media?parent=1647"}],"curies":[{"name":"wp","href":"https:\/\/api.w.org\/{rel}","templated":true}]}}